{"id":3744,"date":"2023-04-25T23:35:36","date_gmt":"2023-04-25T20:35:36","guid":{"rendered":"http:\/\/oyayesimhacimustafaoglu.com\/?page_id=3744"},"modified":"2023-04-27T19:24:32","modified_gmt":"2023-04-27T16:24:32","slug":"basindan","status":"publish","type":"page","link":"https:\/\/oyayesimhacimustafaoglu.com\/en\/basindan\/","title":{"rendered":"In the press"},"content":{"rendered":"<section class=\"wpb-content-wrapper\"><div class=\"vc_row wpb_row vc_row-fluid vc_custom_1682456257358\"><div class=\"wpb_column vc_column_container vc_col-sm-4 sc_layouts_column_icons_position_left\"><div class=\"vc_column-inner\"><div class=\"wpb_wrapper\"><div class=\"vc-hoverbox-wrapper  vc-hoverbox-shape--rounded vc-hoverbox-align--center vc-hoverbox-direction--default vc-hoverbox-width--100\"  ontouchstart=\"\">\n  <div class=\"vc-hoverbox\">\n    <div class=\"vc-hoverbox-inner\">\n      <div class=\"vc-hoverbox-block vc-hoverbox-front\" style=\"background-image: url(https:\/\/oyayesimhacimustafaoglu.com\/wp-content\/uploads\/2023\/04\/1-1.jpg);\">\n        <div class=\"vc-hoverbox-block-inner vc-hoverbox-front-inner\">\n            \n        <\/div>\n      <\/div>\n      <div class=\"vc-hoverbox-block vc-hoverbox-back\" style=\"background-color: #ebebeb;\">\n        <div class=\"vc-hoverbox-block-inner vc-hoverbox-back-inner\">\n            \n            \n            <div class=\"vc_btn3-container vc_btn3-inline\" ><a class=\"vc_general vc_btn3 vc_btn3-size-md vc_btn3-shape-rounded vc_btn3-style-modern vc_btn3-color-grey\" href=\"https:\/\/www.cnnturk.com\/saglik\/yaz-aylarinin-korkulu-ruyasi-uzman-isim-anlatti\" title=\"\" target=\"_blank\">The fearful dream of the summer months! Expert name explained<\/a><\/div>\n        <\/div>\n      <\/div>\n    <\/div>\n  <\/div>\n<\/div><\/div><\/div><\/div><div class=\"wpb_column vc_column_container vc_col-sm-4 sc_layouts_column_icons_position_left\"><div class=\"vc_column-inner\"><div class=\"wpb_wrapper\"><div class=\"vc-hoverbox-wrapper  vc-hoverbox-shape--rounded vc-hoverbox-align--center vc-hoverbox-direction--default vc-hoverbox-width--100\"  ontouchstart=\"\">\n  <div class=\"vc-hoverbox\">\n    <div class=\"vc-hoverbox-inner\">\n      <div class=\"vc-hoverbox-block vc-hoverbox-front\" style=\"background-image: url(https:\/\/oyayesimhacimustafaoglu.com\/wp-content\/uploads\/2023\/04\/2-1.jpg);\">\n        <div class=\"vc-hoverbox-block-inner vc-hoverbox-front-inner\">\n            \n        <\/div>\n      <\/div>\n      <div class=\"vc-hoverbox-block vc-hoverbox-back\" style=\"background-color: #ebebeb;\">\n        <div class=\"vc-hoverbox-block-inner vc-hoverbox-back-inner\">\n            \n            \n            <div class=\"vc_btn3-container vc_btn3-inline\" ><a class=\"vc_general vc_btn3 vc_btn3-size-md vc_btn3-shape-rounded vc_btn3-style-modern vc_btn3-color-grey\" href=\"https:\/\/www.tgrthaber.com.tr\/saglik\/gunes-lekesi-ve-gunes-alerjisi-cilt-kanserine-neden-olabilir-2725871\" title=\"\" target=\"_blank\">Sun spots and sun allergy can cause skin cancer<\/a><\/div>\n        <\/div>\n      <\/div>\n    <\/div>\n  <\/div>\n<\/div><\/div><\/div><\/div><div class=\"wpb_column vc_column_container vc_col-sm-4 sc_layouts_column_icons_position_left\"><div class=\"vc_column-inner\"><div class=\"wpb_wrapper\"><div class=\"vc-hoverbox-wrapper  vc-hoverbox-shape--rounded vc-hoverbox-align--center vc-hoverbox-direction--default vc-hoverbox-width--100\"  ontouchstart=\"\">\n  <div class=\"vc-hoverbox\">\n    <div class=\"vc-hoverbox-inner\">\n      <div class=\"vc-hoverbox-block vc-hoverbox-front\" style=\"background-image: url(https:\/\/oyayesimhacimustafaoglu.com\/wp-content\/uploads\/2023\/04\/3-1.jpg);\">\n        <div class=\"vc-hoverbox-block-inner vc-hoverbox-front-inner\">\n            \n        <\/div>\n      <\/div>\n      <div class=\"vc-hoverbox-block vc-hoverbox-back\" style=\"background-color: #ebebeb;\">\n        <div class=\"vc-hoverbox-block-inner vc-hoverbox-back-inner\">\n            \n            \n            <div class=\"vc_btn3-container vc_btn3-inline\" ><a class=\"vc_general vc_btn3 vc_btn3-size-md vc_btn3-shape-rounded vc_btn3-style-modern vc_btn3-color-grey\" href=\"https:\/\/www.dha.com.tr\/saglik-yasam\/10-dakika-icinde-bulasabiliyor-temasa-dikkat-1831824\" title=\"\" target=\"_blank\">Can be transmitted in 10 minutes; beware of contact!<\/a><\/div>\n        <\/div>\n      <\/div>\n    <\/div>\n  <\/div>\n<\/div><\/div><\/div><\/div><\/div><div class=\"vc_row wpb_row vc_row-fluid\"><div class=\"wpb_column vc_column_container vc_col-sm-4 sc_layouts_column_icons_position_left\"><div class=\"vc_column-inner\"><div class=\"wpb_wrapper\"><div class=\"vc-hoverbox-wrapper  vc-hoverbox-shape--rounded vc-hoverbox-align--center vc-hoverbox-direction--default vc-hoverbox-width--100\"  ontouchstart=\"\">\n  <div class=\"vc-hoverbox\">\n    <div class=\"vc-hoverbox-inner\">\n      <div class=\"vc-hoverbox-block vc-hoverbox-front\" style=\"background-image: url(https:\/\/oyayesimhacimustafaoglu.com\/wp-content\/uploads\/2023\/04\/4.jpg);\">\n        <div class=\"vc-hoverbox-block-inner vc-hoverbox-front-inner\">\n            \n        <\/div>\n      <\/div>\n      <div class=\"vc-hoverbox-block vc-hoverbox-back\" style=\"background-color: #ebebeb;\">\n        <div class=\"vc-hoverbox-block-inner vc-hoverbox-back-inner\">\n            \n            \n            <div class=\"vc_btn3-container vc_btn3-inline\" ><a class=\"vc_general vc_btn3 vc_btn3-size-md vc_btn3-shape-rounded vc_btn3-style-modern vc_btn3-color-grey\" href=\"https:\/\/www.hurriyet.com.tr\/kelebek\/saglik\/iklimsel-faktorler-cilt-sagligini-olumsuz-yonde-etkileyebilir-41740888\" title=\"\" target=\"_blank\" rel=\"nofollow\">Climatic factors can negatively affect skin health<\/a><\/div>\n        <\/div>\n      <\/div>\n    <\/div>\n  <\/div>\n<\/div><\/div><\/div><\/div><div class=\"wpb_column vc_column_container vc_col-sm-4 sc_layouts_column_icons_position_left\"><div class=\"vc_column-inner\"><div class=\"wpb_wrapper\"><div class=\"vc-hoverbox-wrapper  vc-hoverbox-shape--rounded vc-hoverbox-align--center vc-hoverbox-direction--default vc-hoverbox-width--100\"  ontouchstart=\"\">\n  <div class=\"vc-hoverbox\">\n    <div class=\"vc-hoverbox-inner\">\n      <div class=\"vc-hoverbox-block vc-hoverbox-front\" style=\"background-image: url(https:\/\/oyayesimhacimustafaoglu.com\/wp-content\/uploads\/2023\/04\/5.jpg);\">\n        <div class=\"vc-hoverbox-block-inner vc-hoverbox-front-inner\">\n            \n        <\/div>\n      <\/div>\n      <div class=\"vc-hoverbox-block vc-hoverbox-back\" style=\"background-color: #ebebeb;\">\n        <div class=\"vc-hoverbox-block-inner vc-hoverbox-back-inner\">\n            \n            \n            <div class=\"vc_btn3-container vc_btn3-inline\" ><a class=\"vc_general vc_btn3 vc_btn3-size-md vc_btn3-shape-rounded vc_btn3-style-modern vc_btn3-color-grey\" href=\"https:\/\/www.sabah.com.tr\/roza\/guncel\/pandemi-doneminde-uyuz-vakalarinda-artis-goruldu\" title=\"\" target=\"_blank\">Increase in scabies cases during the pandemic<\/a><\/div>\n        <\/div>\n      <\/div>\n    <\/div>\n  <\/div>\n<\/div><\/div><\/div><\/div><div class=\"wpb_column vc_column_container vc_col-sm-4 sc_layouts_column_icons_position_left\"><div class=\"vc_column-inner\"><div class=\"wpb_wrapper\"><div class=\"vc-hoverbox-wrapper  vc-hoverbox-shape--rounded vc-hoverbox-align--center vc-hoverbox-direction--default vc-hoverbox-width--100\"  ontouchstart=\"\">\n  <div class=\"vc-hoverbox\">\n    <div class=\"vc-hoverbox-inner\">\n      <div class=\"vc-hoverbox-block vc-hoverbox-front\" style=\"background-image: url(https:\/\/oyayesimhacimustafaoglu.com\/wp-content\/uploads\/2023\/04\/6.jpg);\">\n        <div class=\"vc-hoverbox-block-inner vc-hoverbox-front-inner\">\n            \n        <\/div>\n      <\/div>\n      <div class=\"vc-hoverbox-block vc-hoverbox-back\" style=\"background-color: #ebebeb;\">\n        <div class=\"vc-hoverbox-block-inner vc-hoverbox-back-inner\">\n            \n            \n            <div class=\"vc_btn3-container vc_btn3-inline\" ><a class=\"vc_general vc_btn3 vc_btn3-size-md vc_btn3-shape-rounded vc_btn3-style-modern vc_btn3-color-grey\" href=\"https:\/\/www.aa.com.tr\/tr\/sirkethaberleri\/saglik\/yaz-aylarinda-cilt-bakimina-dikkat-edilmeli\/674705\" title=\"\" target=\"_blank\">Skin care should be taken care of in summer<\/a><\/div>\n        <\/div>\n      <\/div>\n    <\/div>\n  <\/div>\n<\/div><\/div><\/div><\/div><\/div>\n<\/section>","protected":false},"excerpt":{"rendered":"Yaz aylar\u0131n\u0131n korkulu r\u00fcyas\u0131! Uzman isim anlatt\u0131 G\u00fcne\u015f lekesi ve g\u00fcne\u015f alerjisi cilt kanserine neden olabilir 10 dakika i\u00e7inde bula\u015fabiliyor; temasa dikkat! \u0130klimsel fakt\u00f6rler cilt sa\u011fl\u0131\u011f\u0131n\u0131 olumsuz y\u00f6nde etkileyebilir Pandemi d\u00f6neminde uyuz vakalar\u0131nda art\u0131\u015f g\u00f6r\u00fcld\u00fc Yaz aylar\u0131nda cilt bak\u0131m\u0131na dikkat edilmeli","protected":false},"author":1,"featured_media":0,"parent":0,"menu_order":0,"comment_status":"closed","ping_status":"closed","template":"","meta":{"footnotes":""},"class_list":["post-3744","page","type-page","status-publish","hentry"],"_links":{"self":[{"href":"https:\/\/oyayesimhacimustafaoglu.com\/en\/wp-json\/wp\/v2\/pages\/3744","targetHints":{"allow":["GET"]}}],"collection":[{"href":"https:\/\/oyayesimhacimustafaoglu.com\/en\/wp-json\/wp\/v2\/pages"}],"about":[{"href":"https:\/\/oyayesimhacimustafaoglu.com\/en\/wp-json\/wp\/v2\/types\/page"}],"author":[{"embeddable":true,"href":"https:\/\/oyayesimhacimustafaoglu.com\/en\/wp-json\/wp\/v2\/users\/1"}],"replies":[{"embeddable":true,"href":"https:\/\/oyayesimhacimustafaoglu.com\/en\/wp-json\/wp\/v2\/comments?post=3744"}],"version-history":[{"count":17,"href":"https:\/\/oyayesimhacimustafaoglu.com\/en\/wp-json\/wp\/v2\/pages\/3744\/revisions"}],"predecessor-version":[{"id":3838,"href":"https:\/\/oyayesimhacimustafaoglu.com\/en\/wp-json\/wp\/v2\/pages\/3744\/revisions\/3838"}],"wp:attachment":[{"href":"https:\/\/oyayesimhacimustafaoglu.com\/en\/wp-json\/wp\/v2\/media?parent=3744"}],"curies":[{"name":"wp","href":"https:\/\/api.w.org\/{rel}","templated":true}]}}