{"id":9,"date":"2017-05-01T13:41:46","date_gmt":"2017-05-01T13:41:46","guid":{"rendered":"http:\/\/oyayesimhacimustafaoglu.com\/?page_id=9"},"modified":"2024-01-04T18:58:59","modified_gmt":"2024-01-04T15:58:59","slug":"hakkimda","status":"publish","type":"page","link":"https:\/\/oyayesimhacimustafaoglu.com\/en\/hakkimda\/","title":{"rendered":"About Us"},"content":{"rendered":"<section class=\"wpb-content-wrapper\">\t\t<div data-elementor-type=\"wp-page\" data-elementor-id=\"9\" class=\"elementor elementor-9\">\n\t\t\t\t\t\t<div class=\"elementor-inner\">\n\t\t\t\t<div class=\"elementor-section-wrap\">\n\t\t\t\t\t\t\t\t\t<section class=\"XXX elementor-section elementor-top-section elementor-element elementor-element-3b37f703 elementor-section-boxed elementor-section-height-default elementor-section-height-default\" data-id=\"3b37f703\" data-element_type=\"section\">\n\t\t\t\t\t\t<div class=\"elementor-container elementor-column-gap-default\">\n\t\t\t\t\t\t\t<div class=\"elementor-row\">\n\t\t\t\t\t<div class=\"elementor-column elementor-col-100 elementor-top-column elementor-element elementor-element-570341b5 sc_layouts_column_icons_position_left\" data-id=\"570341b5\" data-element_type=\"column\">\n\t\t\t<div class=\"elementor-column-wrap elementor-element-populated\">\n\t\t\t\t\t\t\t<div class=\"elementor-widget-wrap\">\n\t\t\t\t\t\t<div class=\"elementor-element elementor-element-2f625adf elementor-widget elementor-widget-text-editor\" data-id=\"2f625adf\" data-element_type=\"widget\" data-widget_type=\"text-editor.default\">\n\t\t\t\t<div class=\"elementor-widget-container\">\n\t\t\t\t\t\t\t\t<div class=\"elementor-text-editor elementor-clearfix\">\n\t\t\t\t<div data-vc-full-width=\"true\" data-vc-full-width-init=\"false\" class=\"vc_row wpb_row vc_row-fluid\"><\/div><div class=\"vc_row-full-width vc_clearfix\"><\/div><div class=\"wpb_column vc_column_container vc_col-sm-12 sc_layouts_column_icons_position_left\"><div class=\"vc_column-inner\"><div class=\"wpb_wrapper\"><\/div><\/div><\/div><div class=\"vc_empty_space  vc_custom_1499434270419 height_large\"   style=\"height: 32px\"><span class=\"vc_empty_space_inner\"><\/span><\/div><div  id=\"sc_promo_1850661513\" \n\tclass=\"sc_promo color_style_default sc_promo_default sc_promo_size_normal sc_promo_image_position_left\"><div class=\"sc_promo_image\" style=\"background-image:url(https:\/\/oyayesimhacimustafaoglu.com\/wp-content\/uploads\/2023\/05\/gorsel.png);width:50%;left: 0;\"><\/div><div class=\"sc_promo_text\" style=\"width: 50%;float: right;\">\n\t\t\t<div class=\"sc_promo_text_inner sc_align_center sc_content_width_50%\" style=\" margin:2.6rem 0 3.5rem -7.75rem; background-image:url(https:\/\/oyayesimhacimustafaoglu.com\/wp-content\/uploads\/2023\/04\/bg_3.jpg);\"><h6 class=\"sc_item_subtitle sc_promo_subtitle sc_align_center sc_item_title_style_default\">Welcome!<\/h6><h3 class=\"sc_item_title sc_promo_title sc_align_center sc_item_title_style_default sc_item_title_tag\">Specialist Dr. Oya Ye\u015fim HACIMUSTAFAO\u011eLU UTKAN<\/h3><div class=\"sc_item_descr sc_promo_descr sc_align_center\"><p>Specialist Dr. Oya Ye\u015fim Hac\u0131mustafao\u011flu Utkan is an experienced and successful dermatology specialist. After graduating in 1994 from Istanbul University Cerrahpa\u015fa Medical Faculty as a medical doctor, she completed her dermatology specialty training at Istanbul Haseki Training and Research Hospital Dermatology Clinic between 1997-2001.<\/p>\n<\/div><\/div>\n\t\t<\/div><!-- \/.sc_promo_text --><\/div><!-- \/.sc_promo -->\n\t<div class=\"wpb_text_column wpb_content_element  vc_custom_1682453870929\" >\n\t\t<div class=\"wpb_wrapper\">\n\t\t\t\n\t\t<\/div>\n\t<\/div>\n<b>EDUCATION INFORMATION<\/b><\/p>\n<p><b>1997 \u2013 2001:<\/b>&nbsp;Istanbul Haseki Training and Research Hospital Dermatology Clinic<\/p>\n<p><strong>Dermatology Specialty Training<\/strong><\/p>\n<p><b>1988 \u2013 1994:<\/b>&nbsp;Istanbul University Cerrahpa\u015fa Faculty of Medicine Medical Doctor Education<\/p>\n<p><b>Work Experience<\/b><\/p>\n<p><b>2023 - Dr. Oya Ye\u015fim Hac\u0131mustafao\u011flu Utkan is serving in her clinic.<\/b><\/p>\n<p><b>2020 - Ongoing:<\/b>&nbsp;&nbsp;Biruni University Faculty of Medicine - Dr. Faculty Member<\/p>\n<p><b>2019 \u2013 2022&nbsp;<\/b>Medicana International Istanbul Hospital<\/p>\n<p><b>2017 \u2013 2019:<\/b>&nbsp;&nbsp;Memorial Sisli Hospital<\/p>\n<p><b>2001 \u2013 2017:<\/b>&nbsp;Haseki Training and Research Hospital<\/p>\n<p><b>2007 \u2013 2008:<\/b>&nbsp;Medical Park Fatih Hospital<\/p>\n<p><b>2001 \u2013 2004:<\/b>&nbsp;Private Incirli (Ethica) Hospital<\/p>\n<p><b>PROFESSIONAL INTERESTS<\/b><\/p>\n<p><strong>Dermatology<\/strong><\/p>\n<p>Cosmetic applications (Botox, fillers, mesotherapy, PRP, laser applications)<\/p>\n<p><b>MEMBER ASSOCIATIONS<\/b><\/p>\n<ul>\n<li>Skin and Venereal Diseases Association<\/li>\n<li>Turkish Dermatology Association<\/li>\n<li>Academy of Cosmetology and Dermatology Association<\/li>\n<li>Istanbul Medical Chamber<\/li>\n<li>Aesthetic and Cosmetic Dermatology Association<\/li>\n<\/ul>\n<p><b>SCIENTIFIC PUBLICATIONS<\/b><\/p>\n<ul>\n<li>Evaluation of Clinical Features and Prognostic Factors in 595 Patients Diagnosed with Beh\u00e7et's Disease (Retrospective study of patients with Beh\u00e7et's disease admitted to the Dematology Clinic between 1993 and 2016) EADV 2016,Vienna<\/li>\n<li>A Case of Scrotal Basal Cell Carcinoma, Prof. Dr. A. L\u00fctf\u00fc Tat Symposium, 2013, Ankara<\/li>\n<li>Grover's Disease A Case Report, Prof. Dr. A. L\u00fctf\u00fc Tat Symposium, 2013, Ankara<\/li>\n<li>A Case of Anetodermic Pilomatrixoma, Prof. Dr. A. L\u00fctf\u00fc Tat Symposium, 2013, Ankara<\/li>\n<li>A Case of Giant Pyoderma Gangrenosum, Prof. Dr. A. L\u00fctf\u00fc Tat Symposium, 2013, Ankara<\/li>\n<li>Investigation of the Frequency of Food Allergy in Chronic Urticaria, Papular Urticaria and Atopic Dermatitis with Prick Test and Serum IgE Levels. T\u00fcrkiye Klinikleri Dermatoloji Dergisi, 2002; Vol: 12-1, pp: 16-23.<\/li>\n<li>Food Allergy (Review). Kartal Training and Research Hospital Medical Journal, 2002; Vol: 13-2, pp: 142-146.<\/li><\/ul>\t\t\t\t\t<\/div>\n\t\t\t\t\t\t<\/div>\n\t\t\t\t<\/div>\n\t\t\t\t\t\t<\/div>\n\t\t\t\t\t<\/div>\n\t\t<\/div>\n\t\t\t\t\t\t\t\t<\/div>\n\t\t\t\t\t<\/div>\n\t\t<\/section>\n\t\t\t\t\t\t\t\t\t<\/div>\n\t\t\t<\/div>\n\t\t\t\t\t<\/div>\n\t\t<\/section>","protected":false},"excerpt":{"rendered":"<p>E\u011e\u0130T\u0130M B\u0130LG\u0130LER\u0130 1997 \u2013 2001:&nbsp;\u0130stanbul Haseki E\u011fitim ve Ara\u015ft\u0131rma Hastanesi Dermatoloji Klini\u011fi Dermatoloji Uzmanl\u0131k E\u011fitimi 1988 \u2013 1994:&nbsp;\u0130stanbul \u00dcniversitesi Cerrahpa\u015fa T\u0131p Fak\u00fcltesi T\u0131p Doktoru E\u011fitimi \u0130\u015f Deneyimi 2023 \u2013 Dr Oya Ye\u015fim Hac\u0131mustafao\u011flu Utkan klini\u011finde hizmet veriyor. 2020 \u2013 Devam Ediyor:&nbsp;&nbsp;Biruni \u00dcniversitesi T\u0131p Fak\u00fcltesi &#8211;&nbsp;&nbsp;Dr. \u00d6\u011fretim \u00dcyesi 2019 \u2013 2022&nbsp;Medicana International \u0130stanbul Hastanesi 2017 \u2013 2019:&nbsp;&nbsp;Memorial \u015ei\u015fli Hastanesi 2001 \u2013&hellip;<\/p>","protected":false},"author":1,"featured_media":0,"parent":0,"menu_order":0,"comment_status":"closed","ping_status":"closed","template":"","meta":{"footnotes":""},"class_list":["post-9","page","type-page","status-publish","hentry"],"_links":{"self":[{"href":"https:\/\/oyayesimhacimustafaoglu.com\/en\/wp-json\/wp\/v2\/pages\/9","targetHints":{"allow":["GET"]}}],"collection":[{"href":"https:\/\/oyayesimhacimustafaoglu.com\/en\/wp-json\/wp\/v2\/pages"}],"about":[{"href":"https:\/\/oyayesimhacimustafaoglu.com\/en\/wp-json\/wp\/v2\/types\/page"}],"author":[{"embeddable":true,"href":"https:\/\/oyayesimhacimustafaoglu.com\/en\/wp-json\/wp\/v2\/users\/1"}],"replies":[{"embeddable":true,"href":"https:\/\/oyayesimhacimustafaoglu.com\/en\/wp-json\/wp\/v2\/comments?post=9"}],"version-history":[{"count":16,"href":"https:\/\/oyayesimhacimustafaoglu.com\/en\/wp-json\/wp\/v2\/pages\/9\/revisions"}],"predecessor-version":[{"id":3941,"href":"https:\/\/oyayesimhacimustafaoglu.com\/en\/wp-json\/wp\/v2\/pages\/9\/revisions\/3941"}],"wp:attachment":[{"href":"https:\/\/oyayesimhacimustafaoglu.com\/en\/wp-json\/wp\/v2\/media?parent=9"}],"curies":[{"name":"wp","href":"https:\/\/api.w.org\/{rel}","templated":true}]}}